{"id":5874,"date":"2024-09-22T23:06:22","date_gmt":"2024-09-22T23:06:22","guid":{"rendered":"https:\/\/galapagoslivinglab.usfq.edu.ec\/?page_id=5874"},"modified":"2024-09-22T23:18:30","modified_gmt":"2024-09-22T23:18:30","slug":"assessing-pathway-options-for-renewable-energy-systems-to-support-the-water-energy-food-nexus-in-galapagos-wef-nexus","status":"publish","type":"page","link":"https:\/\/galapagoslivinglab.usfq.edu.ec\/index.php\/assessing-pathway-options-for-renewable-energy-systems-to-support-the-water-energy-food-nexus-in-galapagos-wef-nexus\/","title":{"rendered":"Assessing Pathway Options for Renewable Energy Systems to Support the Water-Energy-Food Nexus in Galapagos (WEF Nexus)"},"content":{"rendered":"<div class=\"wpb-content-wrapper\"><p>[vc_row row_content_width=\u00bbgrid\u00bb svg_background=\u00bb%5B%7B%7D%5D\u00bb][vc_column][vc_column_text css=\u00bb\u00bb]<\/p>\n<h3 style=\"text-align: center;\"><strong>Assessing Pathway Options for Renewable Energy Systems to Support the Water-Energy-Food Nexus in Galapagos (WEF Nexus)<\/strong><\/h3>\n<p>[\/vc_column_text][vc_column_text css=\u00bb\u00bb]<\/p>\n<p style=\"text-align: center;\"><strong>Team:<\/strong><br \/>\n&#8211; Andrew Lyden (Energy System Economics, UoE)<br \/>\n&#8211; Wei Sun (Energy Systems Integration, UoE)<br \/>\n&#8211; Jaime L\u00f3pez (Urbanism and Architecture, USFQ)<br \/>\n&#8211; Juan Sebasti\u00e1n Proa\u00f1o (Biomass and Energy Efficiency, USFQ)<br \/>\n&#8211; Sheila Rosero (Urbanism, USFQ alumni)<br \/>\n&#8211; Alejandra Prieto (Architecture, USFQ student)<br \/>\n&#8211; Kevin Guti\u00e9rrez (Mechanical Engineering, USFQ alumni)<\/p>\n<p>[\/vc_column_text][\/vc_column][\/vc_row][vc_row row_content_width=\u00bbgrid\u00bb svg_background=\u00bb%5B%7B%7D%5D\u00bb][vc_column][vc_column_text css=\u00bb\u00bb]<\/p>\n<p style=\"text-align: justify;\"><strong>Abstract:<\/strong><br \/>\nThe project focuses on addressing unsustainable access to clean energy, water, and food in the Galapagos Islands, where much of the food is imported, water is polluted, and energy is subsidized and derived from fossil fuels. The objective is to model the impact of renewable energy sources, such as solar, wind, tidal, geothermal, and biomass, on the sustainable development of Santa Cruz Island. The project emphasizes optimizing renewable energy generation to improve water quality, food production, and energy systems.<\/p>\n<p style=\"text-align: justify;\">Through data collection and interviews with local stakeholders (e.g., MAG, GAD Santa Cruz, Charles Darwin Foundation), the team has analyzed the energy-water-food nexus. Various renewable energy pathways have been modeled, focusing on small farms and meat production units in Santa Rosa and Cascajo. Pilot systems for off-grid renewable energy have been installed in collaboration with local partners. Future steps include expanding the project to other islands and exploring further funding opportunities.<\/p>\n<p>[\/vc_column_text][\/vc_column][\/vc_row][vc_row row_content_width=\u00bbgrid\u00bb svg_background=\u00bb%5B%7B%7D%5D\u00bb][vc_column][vc_column_text css=\u00bb\u00bb]<\/p>\n<p style=\"text-align: left;\"><strong>Next Steps:<\/strong><br \/>\n\u2022 Publish Data: Make WEF nexus-related data publicly available on Power BI and Excel platforms.<br \/>\n\u2022 Expand Pilot Systems: Install more off-grid renewable energy systems for small farms.<br \/>\n\u2022 Explore Funding: Apply for funding from Prima, Horizon, MAF, and GIZ.<\/p>\n<p>[\/vc_column_text][\/vc_column][\/vc_row][vc_row row_content_width=\u00bbgrid\u00bb svg_background=\u00bb%5B%7B%7D%5D\u00bb][vc_column][vc_column_text css=\u00bb\u00bb]<strong>Additional Fund Sources<\/strong><\/p>\n<table>\n<tbody>\n<tr>\n<td><strong>Fund Source<\/strong><\/td>\n<td><strong>Purpose<\/strong><\/td>\n<\/tr>\n<tr>\n<td>Kubienergy<\/td>\n<td>300 W Solar PV system for Off-grid installation for small farms (x1)<\/td>\n<\/tr>\n<tr>\n<td>Britcham<\/td>\n<td>300 W Solar PV system for Off-grid installation for small farms (x2)<\/td>\n<\/tr>\n<tr>\n<td>Latam<\/td>\n<td>Shipping from Quito to San Crist\u00f3bal<\/td>\n<\/tr>\n<tr>\n<td>USFQ Sustainability Office<\/td>\n<td>300 W Solar PV system for Off-grid installation for small farms (x1). Installation of PV systems (x4).<\/td>\n<\/tr>\n<\/tbody>\n<\/table>\n<p>[\/vc_column_text][\/vc_column][\/vc_row][vc_row css=\u00bb.vc_custom_1727046759173{margin-top: 25px !important;}\u00bb svg_background=\u00bb%5B%7B%7D%5D\u00bb][vc_column width=\u00bb1\/4&#8243;][\/vc_column][vc_column width=\u00bb1\/4&#8243;][vc_btn title=\u00bbGalapagos WEF SUMMIT\u00bb style=\u00bbflat\u00bb color=\u00bbblack\u00bb align=\u00bbcenter\u00bb i_icon_fontawesome=\u00bbfar fa-file-pdf\u00bb css=\u00bb\u00bb add_icon=\u00bbtrue\u00bb link=\u00bburl:https%3A%2F%2Fgalapagoslivinglab.usfq.edu.ec%2Fwp-content%2Fuploads%2F2024%2F09%2FGalapagos-WEF-Summit-Presentation-03-07-23-1.pdf|target:_blank\u00bb][\/vc_column][vc_column width=\u00bb1\/4&#8243;][vc_btn title=\u00bbWEF Santa Cruz\u00bb style=\u00bbflat\u00bb color=\u00bbblack\u00bb align=\u00bbcenter\u00bb i_icon_fontawesome=\u00bbfar fa-file-pdf\u00bb css=\u00bb\u00bb add_icon=\u00bbtrue\u00bb link=\u00bburl:https%3A%2F%2Fgalapagoslivinglab.usfq.edu.ec%2Fwp-content%2Fuploads%2F2024%2F09%2FWEF-Santa-Cruz-2-2.pdf|target:_blank\u00bb][\/vc_column][vc_column width=\u00bb1\/4&#8243;][\/vc_column][\/vc_row][vc_row row_content_width=\u00bbgrid\u00bb svg_background=\u00bb%5B%7B%7D%5D\u00bb css=\u00bb.vc_custom_1727045141609{margin-top: 20px !important;}\u00bb][vc_column width=\u00bb1\/2&#8243;][vc_single_image image=\u00bb5916&#8243; img_size=\u00bbmedium\u00bb alignment=\u00bbcenter\u00bb css=\u00bb\u00bb][\/vc_column][vc_column width=\u00bb1\/2&#8243;][vc_single_image image=\u00bb5919&#8243; img_size=\u00bbmedium\u00bb alignment=\u00bbcenter\u00bb css=\u00bb\u00bb][\/vc_column][\/vc_row][vc_row row_content_width=\u00bbgrid\u00bb svg_background=\u00bb%5B%7B%7D%5D\u00bb css=\u00bb.vc_custom_1727045204420{margin-top: 20px !important;}\u00bb][vc_column width=\u00bb1\/2&#8243;][vc_single_image image=\u00bb5925&#8243; img_size=\u00bbmedium\u00bb alignment=\u00bbcenter\u00bb css=\u00bb\u00bb][\/vc_column][vc_column width=\u00bb1\/2&#8243;][vc_single_image image=\u00bb5928&#8243; img_size=\u00bbmedium\u00bb alignment=\u00bbcenter\u00bb css=\u00bb\u00bb][\/vc_column][\/vc_row][vc_row row_content_width=\u00bbgrid\u00bb svg_background=\u00bb%5B%7B%7D%5D\u00bb css=\u00bb.vc_custom_1727045204420{margin-top: 20px !important;}\u00bb][vc_column width=\u00bb1\/3&#8243;][vc_single_image image=\u00bb5940&#8243; img_size=\u00bbmedium\u00bb alignment=\u00bbcenter\u00bb css=\u00bb\u00bb][\/vc_column][vc_column width=\u00bb1\/3&#8243;][vc_single_image image=\u00bb5943&#8243; img_size=\u00bbmedium\u00bb alignment=\u00bbcenter\u00bb css=\u00bb\u00bb][\/vc_column][vc_column width=\u00bb1\/3&#8243;][vc_single_image image=\u00bb5949&#8243; img_size=\u00bbmedium\u00bb alignment=\u00bbcenter\u00bb css=\u00bb\u00bb][\/vc_column][\/vc_row]<\/p>\n<\/div>","protected":false},"excerpt":{"rendered":"<p>[vc_row row_content_width=\u00bbgrid\u00bb svg_background=\u00bb%5B%7B%7D%5D\u00bb][vc_column][vc_column_text css=\u00bb\u00bb] Assessing Pathway Options for Renewable Energy Systems to Support the Water-Energy-Food Nexus in Galapagos (WEF Nexus) [\/vc_column_text][vc_column_text css=\u00bb\u00bb] Team: &#8211; Andrew Lyden (Energy System Economics, UoE) &#8211; Wei Sun (Energy Systems Integration, UoE) &#8211; Jaime L\u00f3pez (Urbanism and Architecture, USFQ) &#8211; Juan Sebasti\u00e1n Proa\u00f1o (Biomass and Energy Efficiency, USFQ) &#8211; Sheila [&hellip;]<\/p>\n","protected":false},"author":7,"featured_media":0,"parent":0,"menu_order":0,"comment_status":"closed","ping_status":"closed","template":"page-full-width.php","meta":{"footnotes":""},"class_list":["post-5874","page","type-page","status-publish","hentry"],"_links":{"self":[{"href":"https:\/\/galapagoslivinglab.usfq.edu.ec\/index.php\/wp-json\/wp\/v2\/pages\/5874","targetHints":{"allow":["GET"]}}],"collection":[{"href":"https:\/\/galapagoslivinglab.usfq.edu.ec\/index.php\/wp-json\/wp\/v2\/pages"}],"about":[{"href":"https:\/\/galapagoslivinglab.usfq.edu.ec\/index.php\/wp-json\/wp\/v2\/types\/page"}],"author":[{"embeddable":true,"href":"https:\/\/galapagoslivinglab.usfq.edu.ec\/index.php\/wp-json\/wp\/v2\/users\/7"}],"replies":[{"embeddable":true,"href":"https:\/\/galapagoslivinglab.usfq.edu.ec\/index.php\/wp-json\/wp\/v2\/comments?post=5874"}],"version-history":[{"count":16,"href":"https:\/\/galapagoslivinglab.usfq.edu.ec\/index.php\/wp-json\/wp\/v2\/pages\/5874\/revisions"}],"predecessor-version":[{"id":5952,"href":"https:\/\/galapagoslivinglab.usfq.edu.ec\/index.php\/wp-json\/wp\/v2\/pages\/5874\/revisions\/5952"}],"wp:attachment":[{"href":"https:\/\/galapagoslivinglab.usfq.edu.ec\/index.php\/wp-json\/wp\/v2\/media?parent=5874"}],"curies":[{"name":"wp","href":"https:\/\/api.w.org\/{rel}","templated":true}]}}